{"id":2055,"date":"2023-09-23T15:35:55","date_gmt":"2023-09-23T12:35:55","guid":{"rendered":"https:\/\/ssspaviljong.fi\/?page_id=2055"},"modified":"2024-01-24T16:24:31","modified_gmt":"2024-01-24T14:24:31","slug":"catering","status":"publish","type":"page","link":"https:\/\/ssspaviljong.fi\/fi\/menu\/catering\/","title":{"rendered":"Catering"},"content":{"rendered":"<div data-elementor-type=\"wp-page\" data-elementor-id=\"2055\" class=\"elementor elementor-2055\">\n\t\t\t\t\t\t<div class=\"elementor-inner\">\n\t\t\t\t<div class=\"elementor-section-wrap\">\n\t\t\t\t\t\t\t\t\t<section class=\"elementor-section elementor-top-section elementor-element elementor-element-f152320 elementor-section-boxed elementor-section-height-default elementor-section-height-default\" data-id=\"f152320\" data-element_type=\"section\" data-settings=\"{&quot;background_background&quot;:&quot;classic&quot;}\">\n\t\t\t\t\t\t<div class=\"elementor-container elementor-column-gap-default\">\n\t\t\t\t\t\t\t<div class=\"elementor-row\">\n\t\t\t\t\t<div class=\"elementor-column elementor-col-100 elementor-top-column elementor-element elementor-element-0ab217b\" data-id=\"0ab217b\" data-element_type=\"column\">\n\t\t\t<div class=\"elementor-column-wrap elementor-element-populated\">\n\t\t\t\t\t\t\t<div class=\"elementor-widget-wrap\">\n\t\t\t\t\t\t<div class=\"elementor-element elementor-element-d0a5fd8 elementor-widget elementor-widget-heading\" data-id=\"d0a5fd8\" data-element_type=\"widget\" data-widget_type=\"heading.default\">\n\t\t\t\t<div class=\"elementor-widget-container\">\n\t\t\t<h2 class=\"elementor-heading-title elementor-size-default\">Catering<\/h2>\t\t<\/div>\n\t\t\t\t<\/div>\n\t\t\t\t<div class=\"elementor-element elementor-element-13d8e68 elementor-widget elementor-widget-heading\" data-id=\"13d8e68\" data-element_type=\"widget\" data-widget_type=\"heading.default\">\n\t\t\t\t<div class=\"elementor-widget-container\">\n\t\t\t<h2 class=\"elementor-heading-title elementor-size-default\">Yrityksille ja yksityishenkil\u00f6ille<\/h2>\t\t<\/div>\n\t\t\t\t<\/div>\n\t\t\t\t<div class=\"elementor-element elementor-element-1edbf6b elementor-widget elementor-widget-text-editor\" data-id=\"1edbf6b\" data-element_type=\"widget\" data-widget_type=\"text-editor.default\">\n\t\t\t\t<div class=\"elementor-widget-container\">\n\t\t\t\t\t\t\t\t<div class=\"elementor-text-editor elementor-clearfix\">\n\t\t\t\t\t\t\t\t\t<\/div>\n\t\t\t\t\t\t<\/div>\n\t\t\t\t<\/div>\n\t\t\t\t<div class=\"elementor-element elementor-element-3bd58bd elementor-widget elementor-widget-spacer\" data-id=\"3bd58bd\" data-element_type=\"widget\" data-widget_type=\"spacer.default\">\n\t\t\t\t<div class=\"elementor-widget-container\">\n\t\t\t\t\t<div class=\"elementor-spacer\">\n\t\t\t<div class=\"elementor-spacer-inner\"><\/div>\n\t\t<\/div>\n\t\t\t\t<\/div>\n\t\t\t\t<\/div>\n\t\t\t\t\t\t<\/div>\n\t\t\t\t\t<\/div>\n\t\t<\/div>\n\t\t\t\t\t\t\t\t<\/div>\n\t\t\t\t\t<\/div>\n\t\t<\/section>\n\t\t\t\t<section class=\"elementor-section elementor-top-section elementor-element elementor-element-23e2010 elementor-section-boxed elementor-section-height-default elementor-section-height-default\" data-id=\"23e2010\" data-element_type=\"section\">\n\t\t\t\t\t\t<div class=\"elementor-container elementor-column-gap-default\">\n\t\t\t\t\t\t\t<div class=\"elementor-row\">\n\t\t\t\t\t<div class=\"elementor-column elementor-col-33 elementor-top-column elementor-element elementor-element-23a1e4c\" data-id=\"23a1e4c\" data-element_type=\"column\">\n\t\t\t<div class=\"elementor-column-wrap elementor-element-populated\">\n\t\t\t\t\t\t\t<div class=\"elementor-widget-wrap\">\n\t\t\t\t\t\t<div class=\"elementor-element elementor-element-9ab689e elementor-widget elementor-widget-heading\" data-id=\"9ab689e\" data-element_type=\"widget\" data-widget_type=\"heading.default\">\n\t\t\t\t<div class=\"elementor-widget-container\">\n\t\t\t<h2 class=\"elementor-heading-title elementor-size-default\">Yksityishenkil\u00f6lle<\/h2>\t\t<\/div>\n\t\t\t\t<\/div>\n\t\t\t\t<div class=\"elementor-element elementor-element-493f8a5 elementor-widget elementor-widget-text-editor\" data-id=\"493f8a5\" data-element_type=\"widget\" data-widget_type=\"text-editor.default\">\n\t\t\t\t<div class=\"elementor-widget-container\">\n\t\t\t\t\t\t\t\t<div class=\"elementor-text-editor elementor-clearfix\">\n\t\t\t\t<p>Tarjoamme saariston makuja kaikenlaisiin juhliin ja tapahtumiin, risti\u00e4isist\u00e4 hautajaisiin. Monivuotisella ammatillisella kokemuksella suunnittelemme ja toteutamme tarjoilut toiveidesi mukaan. Meid\u00e4t tunnetaan runsaista ja maukkaista menuista, joissa k\u00e4yt\u00e4mme omia jalostettuja kalaruokia (\u00c5kerfeltin kalaa).<\/p><p>Meilt\u00e4 voit vuokrata astioita ja p\u00f6yt\u00e4liinoja. Tarjoamme mielell\u00e4mme palvelevaa henkil\u00f6kuntaa tapahtumiisi, mutta my\u00f6s vain valmiiden ruokien toimitukset voimme j\u00e4rjest\u00e4\u00e4.\u00a0<\/p>\t\t\t\t\t<\/div>\n\t\t\t\t\t\t<\/div>\n\t\t\t\t<\/div>\n\t\t\t\t\t\t<\/div>\n\t\t\t\t\t<\/div>\n\t\t<\/div>\n\t\t\t\t<div class=\"elementor-column elementor-col-33 elementor-top-column elementor-element elementor-element-a6dc594\" data-id=\"a6dc594\" data-element_type=\"column\">\n\t\t\t<div class=\"elementor-column-wrap elementor-element-populated\">\n\t\t\t\t\t\t\t<div class=\"elementor-widget-wrap\">\n\t\t\t\t\t\t<div class=\"elementor-element elementor-element-dbd31ee elementor-widget elementor-widget-image\" data-id=\"dbd31ee\" data-element_type=\"widget\" data-widget_type=\"image.default\">\n\t\t\t\t<div class=\"elementor-widget-container\">\n\t\t\t\t\t\t\t\t<div class=\"elementor-image\">\n\t\t\t\t\t\t\t\t\t\t\t\t<img width=\"768\" height=\"1024\" src=\"https:\/\/ssspaviljong.fi\/wp-content\/uploads\/2023\/09\/DSC08819-768x1024.jpg\" class=\"attachment-large size-large\" alt=\"\" srcset=\"https:\/\/ssspaviljong.fi\/wp-content\/uploads\/2023\/09\/DSC08819-768x1024.jpg 768w, https:\/\/ssspaviljong.fi\/wp-content\/uploads\/2023\/09\/DSC08819-225x300.jpg 225w, https:\/\/ssspaviljong.fi\/wp-content\/uploads\/2023\/09\/DSC08819-1152x1536.jpg 1152w, https:\/\/ssspaviljong.fi\/wp-content\/uploads\/2023\/09\/DSC08819-1536x2048.jpg 1536w, https:\/\/ssspaviljong.fi\/wp-content\/uploads\/2023\/09\/DSC08819-9x12.jpg 9w, https:\/\/ssspaviljong.fi\/wp-content\/uploads\/2023\/09\/DSC08819-scaled.jpg 1920w\" sizes=\"(max-width: 768px) 100vw, 768px\" \/>\t\t\t\t\t\t\t\t\t\t\t\t\t\t<\/div>\n\t\t\t\t\t\t<\/div>\n\t\t\t\t<\/div>\n\t\t\t\t\t\t<\/div>\n\t\t\t\t\t<\/div>\n\t\t<\/div>\n\t\t\t\t<div class=\"elementor-column elementor-col-33 elementor-top-column elementor-element elementor-element-90767a2\" data-id=\"90767a2\" data-element_type=\"column\">\n\t\t\t<div class=\"elementor-column-wrap elementor-element-populated\">\n\t\t\t\t\t\t\t<div class=\"elementor-widget-wrap\">\n\t\t\t\t\t\t<div class=\"elementor-element elementor-element-c7812df elementor-widget elementor-widget-text-editor\" data-id=\"c7812df\" data-element_type=\"widget\" data-widget_type=\"text-editor.default\">\n\t\t\t\t<div class=\"elementor-widget-container\">\n\t\t\t\t\t\t\t\t<div class=\"elementor-text-editor elementor-clearfix\">\n\t\t\t\t<h2 class=\"elementor-heading-title elementor-size-large elementor-inline-editing pen\" style=\"font-size: 29px; font-style: normal; margin-bottom: 0px; text-align: center;\" data-elementor-setting-key=\"title\" data-pen-placeholder=\"Skriv h\u00e4r...\">Kontakt:<br \/>info@ssspaviljong.fi<br \/>040 862 2958<\/h2>\t\t\t\t\t<\/div>\n\t\t\t\t\t\t<\/div>\n\t\t\t\t<\/div>\n\t\t\t\t<div class=\"elementor-element elementor-element-7fa7c12 elementor-widget elementor-widget-text-editor\" data-id=\"7fa7c12\" data-element_type=\"widget\" data-widget_type=\"text-editor.default\">\n\t\t\t\t<div class=\"elementor-widget-container\">\n\t\t\t\t\t\t\t\t<div class=\"elementor-text-editor elementor-clearfix\">\n\t\t\t\t<p>\u00a0<\/p><p>\u00a0<\/p><p>\u00a0<\/p><p>\u00a0<\/p>\t\t\t\t\t<\/div>\n\t\t\t\t\t\t<\/div>\n\t\t\t\t<\/div>\n\t\t\t\t<div class=\"elementor-element elementor-element-5b037c0 elementor-widget elementor-widget-text-editor\" data-id=\"5b037c0\" data-element_type=\"widget\" data-widget_type=\"text-editor.default\">\n\t\t\t\t<div class=\"elementor-widget-container\">\n\t\t\t\t\t\t\t\t<div class=\"elementor-text-editor elementor-clearfix\">\n\t\t\t\t<h3><strong>Exempelmenyer<\/strong><\/h3><ul><li><a href=\"https:\/\/ssspaviljong.fi\/wp-content\/uploads\/2024\/01\/Ha\u0308a\u0308esimerkkimenu.pdf\">Ha\u0308a\u0308esimerkkimenu (FI)<\/a><\/li><li><a href=\"https:\/\/ssspaviljong.fi\/wp-content\/uploads\/2024\/01\/juhlamenucocktail.pdf\">Juhlamenu-cocktail (FI)<\/a><\/li><li><a href=\"https:\/\/ssspaviljong.fi\/wp-content\/uploads\/2024\/01\/ExempelmenyBro\u0308llop-SWE.pdf\">Exempelmeny bro\u0308llop (SV)<\/a><\/li><li><a href=\"https:\/\/ssspaviljong.fi\/wp-content\/uploads\/2024\/01\/ExempelmenyfestSWE.pdf\">Exempelmeny fest (SV)<\/a><\/li><\/ul>\t\t\t\t\t<\/div>\n\t\t\t\t\t\t<\/div>\n\t\t\t\t<\/div>\n\t\t\t\t\t\t<\/div>\n\t\t\t\t\t<\/div>\n\t\t<\/div>\n\t\t\t\t\t\t\t\t<\/div>\n\t\t\t\t\t<\/div>\n\t\t<\/section>\n\t\t\t\t<section class=\"elementor-section elementor-top-section elementor-element elementor-element-ccd5117 elementor-section-boxed elementor-section-height-default elementor-section-height-default\" data-id=\"ccd5117\" data-element_type=\"section\">\n\t\t\t\t\t\t<div class=\"elementor-container elementor-column-gap-default\">\n\t\t\t\t\t\t\t<div class=\"elementor-row\">\n\t\t\t\t\t<div class=\"elementor-column elementor-col-50 elementor-top-column elementor-element elementor-element-a5ef54f\" data-id=\"a5ef54f\" data-element_type=\"column\">\n\t\t\t<div class=\"elementor-column-wrap elementor-element-populated\">\n\t\t\t\t\t\t\t<div class=\"elementor-widget-wrap\">\n\t\t\t\t\t\t<div class=\"elementor-element elementor-element-e8b8375 elementor-widget elementor-widget-image\" data-id=\"e8b8375\" data-element_type=\"widget\" data-widget_type=\"image.default\">\n\t\t\t\t<div class=\"elementor-widget-container\">\n\t\t\t\t\t\t\t\t<div class=\"elementor-image\">\n\t\t\t\t\t\t\t\t\t\t\t\t<img width=\"1024\" height=\"576\" src=\"https:\/\/ssspaviljong.fi\/wp-content\/uploads\/2023\/09\/1Z5A8684-1024x576.jpg\" class=\"attachment-large size-large\" alt=\"\" srcset=\"https:\/\/ssspaviljong.fi\/wp-content\/uploads\/2023\/09\/1Z5A8684-1024x576.jpg 1024w, https:\/\/ssspaviljong.fi\/wp-content\/uploads\/2023\/09\/1Z5A8684-300x169.jpg 300w, https:\/\/ssspaviljong.fi\/wp-content\/uploads\/2023\/09\/1Z5A8684-768x432.jpg 768w, https:\/\/ssspaviljong.fi\/wp-content\/uploads\/2023\/09\/1Z5A8684-1536x864.jpg 1536w, https:\/\/ssspaviljong.fi\/wp-content\/uploads\/2023\/09\/1Z5A8684-2048x1152.jpg 2048w, https:\/\/ssspaviljong.fi\/wp-content\/uploads\/2023\/09\/1Z5A8684-18x10.jpg 18w\" sizes=\"(max-width: 1024px) 100vw, 1024px\" \/>\t\t\t\t\t\t\t\t\t\t\t\t\t\t<\/div>\n\t\t\t\t\t\t<\/div>\n\t\t\t\t<\/div>\n\t\t\t\t\t\t<\/div>\n\t\t\t\t\t<\/div>\n\t\t<\/div>\n\t\t\t\t<div class=\"elementor-column elementor-col-50 elementor-top-column elementor-element elementor-element-18dec2e\" data-id=\"18dec2e\" data-element_type=\"column\">\n\t\t\t<div class=\"elementor-column-wrap elementor-element-populated\">\n\t\t\t\t\t\t\t<div class=\"elementor-widget-wrap\">\n\t\t\t\t\t\t<div class=\"elementor-element elementor-element-4cfa564 elementor-widget elementor-widget-heading\" data-id=\"4cfa564\" data-element_type=\"widget\" data-widget_type=\"heading.default\">\n\t\t\t\t<div class=\"elementor-widget-container\">\n\t\t\t<h2 class=\"elementor-heading-title elementor-size-default\">Yrityksille<\/h2>\t\t<\/div>\n\t\t\t\t<\/div>\n\t\t\t\t<div class=\"elementor-element elementor-element-20bee20 elementor-widget elementor-widget-text-editor\" data-id=\"20bee20\" data-element_type=\"widget\" data-widget_type=\"text-editor.default\">\n\t\t\t\t<div class=\"elementor-widget-container\">\n\t\t\t\t\t\t\t\t<div class=\"elementor-text-editor elementor-clearfix\">\n\t\t\t\t<p>Vi erbjuder omfattande catering tj\u00e4nster f\u00f6r olika f\u00f6retagsfester, s\u00e5som till exempel julfester eller sommardagar. \u00c4ven mindre tillst\u00e4llningar s\u00e5som m\u00f6tesserveringar eller kaffetillst\u00e4llningar kan vi fixa.<\/p><p>Suunnittelemme kanssasi ateriapaketin esimerkiksi virkistys- ja ty\u00f6tapahtumiin tarpeidesi mukaan, kyseess\u00e4 voi olla pelkk\u00e4 ruuan toimittaminen tai laajempi pitopalvelu paikan p\u00e4\u00e4ll\u00e4.\u00a0<\/p><p>Esimerkkilista:<\/p><ul><li>Catering ruoan toimitus<\/li><li>Cateringpalvelut paikan p\u00e4\u00e4ll\u00e4<\/li><li>Kahvi\/v\u00e4lipala\/buffe\/juhla illallinen<\/li><li>Astioiden, p\u00f6yt\u00e4liinojen ja koristeiden vuokraus<\/li><li>Tarjoiluhenkil\u00f6kunta<\/li><\/ul><p>\u00a0<\/p>\t\t\t\t\t<\/div>\n\t\t\t\t\t\t<\/div>\n\t\t\t\t<\/div>\n\t\t\t\t\t\t<\/div>\n\t\t\t\t\t<\/div>\n\t\t<\/div>\n\t\t\t\t\t\t\t\t<\/div>\n\t\t\t\t\t<\/div>\n\t\t<\/section>\n\t\t\t\t<section class=\"elementor-section elementor-top-section elementor-element elementor-element-50ea957 elementor-section-boxed elementor-section-height-default elementor-section-height-default\" data-id=\"50ea957\" data-element_type=\"section\">\n\t\t\t\t\t\t<div class=\"elementor-container elementor-column-gap-default\">\n\t\t\t\t\t\t\t<div class=\"elementor-row\">\n\t\t\t\t\t<div class=\"elementor-column elementor-col-100 elementor-top-column elementor-element elementor-element-9933355\" data-id=\"9933355\" data-element_type=\"column\">\n\t\t\t<div class=\"elementor-column-wrap elementor-element-populated\">\n\t\t\t\t\t\t\t<div class=\"elementor-widget-wrap\">\n\t\t\t\t\t\t<div class=\"elementor-element elementor-element-c446060 elementor-widget elementor-widget-text-editor\" data-id=\"c446060\" data-element_type=\"widget\" data-widget_type=\"text-editor.default\">\n\t\t\t\t<div class=\"elementor-widget-container\">\n\t\t\t\t\t\t\t\t<div class=\"elementor-text-editor elementor-clearfix\">\n\t\t\t\t\t\t\t\t\t<\/div>\n\t\t\t\t\t\t<\/div>\n\t\t\t\t<\/div>\n\t\t\t\t\t\t<\/div>\n\t\t\t\t\t<\/div>\n\t\t<\/div>\n\t\t\t\t\t\t\t\t<\/div>\n\t\t\t\t\t<\/div>\n\t\t<\/section>\n\t\t\t\t\t\t\t\t\t<\/div>\n\t\t\t<\/div>\n\t\t\t\t\t<\/div>","protected":false},"excerpt":{"rendered":"<p>Catering F\u00f6r f\u00f6retag och privatpersoner Privatpersoner Vi erbjuder sk\u00e4rg\u00e5rdssmaker till alla sorters fester och tillst\u00e4llningar, allt fr\u00e5n dop till begravning. Med m\u00e5nga \u00e5rs professionell erfarenhet planerar och utf\u00f6r vi cateringen s\u00e5 den motsvarar era \u00f6nskem\u00e5l. Vi \u00e4r k\u00e4nda f\u00f6r rikliga och smakrika menyer d\u00e4r vi anv\u00e4nder oss av egna f\u00f6r\u00e4dlade fiskr\u00e4tter (\u00c5kerfelts fisk). Av oss &hellip;<\/p>\n<p class=\"read-more\"> <a class=\"\" href=\"https:\/\/ssspaviljong.fi\/fi\/menu\/catering\/\"> <span class=\"screen-reader-text\">Catering<\/span> Lue lis\u00e4\u00e4 &raquo;<\/a><\/p>","protected":false},"author":4,"featured_media":0,"parent":7,"menu_order":1,"comment_status":"closed","ping_status":"closed","template":"","meta":{"site-sidebar-layout":"no-sidebar","site-content-layout":"page-builder","ast-main-header-display":"","ast-hfb-above-header-display":"","ast-hfb-below-header-display":"","ast-hfb-mobile-header-display":"","site-post-title":"disabled","ast-breadcrumbs-content":"","ast-featured-img":"disabled","footer-sml-layout":"","theme-transparent-header-meta":"","adv-header-id-meta":"","stick-header-meta":"","header-above-stick-meta":"","header-main-stick-meta":"","header-below-stick-meta":""},"_links":{"self":[{"href":"https:\/\/ssspaviljong.fi\/fi\/wp-json\/wp\/v2\/pages\/2055"}],"collection":[{"href":"https:\/\/ssspaviljong.fi\/fi\/wp-json\/wp\/v2\/pages"}],"about":[{"href":"https:\/\/ssspaviljong.fi\/fi\/wp-json\/wp\/v2\/types\/page"}],"author":[{"embeddable":true,"href":"https:\/\/ssspaviljong.fi\/fi\/wp-json\/wp\/v2\/users\/4"}],"replies":[{"embeddable":true,"href":"https:\/\/ssspaviljong.fi\/fi\/wp-json\/wp\/v2\/comments?post=2055"}],"version-history":[{"count":71,"href":"https:\/\/ssspaviljong.fi\/fi\/wp-json\/wp\/v2\/pages\/2055\/revisions"}],"predecessor-version":[{"id":2425,"href":"https:\/\/ssspaviljong.fi\/fi\/wp-json\/wp\/v2\/pages\/2055\/revisions\/2425"}],"up":[{"embeddable":true,"href":"https:\/\/ssspaviljong.fi\/fi\/wp-json\/wp\/v2\/pages\/7"}],"wp:attachment":[{"href":"https:\/\/ssspaviljong.fi\/fi\/wp-json\/wp\/v2\/media?parent=2055"}],"curies":[{"name":"wp","href":"https:\/\/api.w.org\/{rel}","templated":true}]}}