{"id":2071,"date":"2023-03-28T10:33:05","date_gmt":"2023-03-28T07:33:05","guid":{"rendered":"https:\/\/ssspaviljong.fi\/?page_id=2071"},"modified":"2025-06-13T15:34:19","modified_gmt":"2025-06-13T12:34:19","slug":"kontakt","status":"publish","type":"page","link":"https:\/\/ssspaviljong.fi\/fi\/kontakt\/","title":{"rendered":"Yhteystiedot"},"content":{"rendered":"<div data-elementor-type=\"wp-page\" data-elementor-id=\"2071\" class=\"elementor elementor-2071\">\n\t\t\t\t\t\t<div class=\"elementor-inner\">\n\t\t\t\t<div class=\"elementor-section-wrap\">\n\t\t\t\t\t\t\t\t\t<section class=\"elementor-section elementor-top-section elementor-element elementor-element-67cc774 elementor-section-boxed elementor-section-height-default elementor-section-height-default\" data-id=\"67cc774\" data-element_type=\"section\" data-settings=\"{&quot;background_background&quot;:&quot;classic&quot;}\">\n\t\t\t\t\t\t\t<div class=\"elementor-background-overlay\"><\/div>\n\t\t\t\t\t\t\t<div class=\"elementor-container elementor-column-gap-default\">\n\t\t\t\t\t\t\t<div class=\"elementor-row\">\n\t\t\t\t\t<div class=\"elementor-column elementor-col-100 elementor-top-column elementor-element elementor-element-af70d42\" data-id=\"af70d42\" data-element_type=\"column\">\n\t\t\t<div class=\"elementor-column-wrap elementor-element-populated\">\n\t\t\t\t\t\t\t<div class=\"elementor-widget-wrap\">\n\t\t\t\t\t\t<div class=\"elementor-element elementor-element-6202e95 elementor-widget elementor-widget-heading\" data-id=\"6202e95\" data-element_type=\"widget\" data-widget_type=\"heading.default\">\n\t\t\t\t<div class=\"elementor-widget-container\">\n\t\t\t<h1 class=\"elementor-heading-title elementor-size-default\">Kontakt \n&amp;<br>Tietoa meist\u00e4<\/h1>\t\t<\/div>\n\t\t\t\t<\/div>\n\t\t\t\t<div class=\"elementor-element elementor-element-ed8183c elementor-widget-divider--view-line elementor-widget elementor-widget-divider\" data-id=\"ed8183c\" data-element_type=\"widget\" data-widget_type=\"divider.default\">\n\t\t\t\t<div class=\"elementor-widget-container\">\n\t\t\t\t\t<div class=\"elementor-divider\">\n\t\t\t<span class=\"elementor-divider-separator\">\n\t\t\t\t\t\t<\/span>\n\t\t<\/div>\n\t\t\t\t<\/div>\n\t\t\t\t<\/div>\n\t\t\t\t<div class=\"elementor-element elementor-element-21066b4 elementor-widget elementor-widget-text-editor\" data-id=\"21066b4\" data-element_type=\"widget\" data-widget_type=\"text-editor.default\">\n\t\t\t\t<div class=\"elementor-widget-container\">\n\t\t\t\t\t\t\t\t<div class=\"elementor-text-editor elementor-clearfix\">\n\t\t\t\t<p>Spjutsundintie 958, 06880 Porvoo. \u00a0 \u00a0 \u00a0 \u00a0\u00a0 60\u00b015\u2032\u00a0 25\u00b030\u2032 \u00a0 \u00a0 \u00a0 \u00a0\u00a0<\/p><p>\u00a060\u00b015&#8242;\u00a0 25\u00b030&#8242;<\/p><p>Puh. 040 911 29 67<\/p><p>E-post:\u00a0 \u00a0info@ssspaviljong.fi<\/p>\t\t\t\t\t<\/div>\n\t\t\t\t\t\t<\/div>\n\t\t\t\t<\/div>\n\t\t\t\t<div class=\"elementor-element elementor-element-ffe5d1f elementor-align-center elementor-widget elementor-widget-button\" data-id=\"ffe5d1f\" data-element_type=\"widget\" data-widget_type=\"button.default\">\n\t\t\t\t<div class=\"elementor-widget-container\">\n\t\t\t\t\t<div class=\"elementor-button-wrapper\">\n\t\t\t<a href=\"https:\/\/v2.tableonline.fi\/instabook\/bookings\/tZKg54H\" target=\"_blank\" class=\"elementor-button-link elementor-button elementor-size-sm\" role=\"button\">\n\t\t\t\t\t\t<span class=\"elementor-button-content-wrapper\">\n\t\t\t\t\t\t<span class=\"elementor-button-text\">Varaa p\u00f6yt\u00e4 t\u00e4st\u00e4<\/span>\n\t\t<\/span>\n\t\t\t\t\t<\/a>\n\t\t<\/div>\n\t\t\t\t<\/div>\n\t\t\t\t<\/div>\n\t\t\t\t\t\t<\/div>\n\t\t\t\t\t<\/div>\n\t\t<\/div>\n\t\t\t\t\t\t\t\t<\/div>\n\t\t\t\t\t<\/div>\n\t\t<\/section>\n\t\t\t\t<section class=\"elementor-section elementor-top-section elementor-element elementor-element-7544234 elementor-section-content-middle elementor-section-boxed elementor-section-height-default elementor-section-height-default\" data-id=\"7544234\" data-element_type=\"section\" data-settings=\"{&quot;background_background&quot;:&quot;classic&quot;}\">\n\t\t\t\t\t\t<div class=\"elementor-container elementor-column-gap-no\">\n\t\t\t\t\t\t\t<div class=\"elementor-row\">\n\t\t\t\t\t<div class=\"elementor-column elementor-col-50 elementor-top-column elementor-element elementor-element-5c0fdab\" data-id=\"5c0fdab\" data-element_type=\"column\">\n\t\t\t<div class=\"elementor-column-wrap elementor-element-populated\">\n\t\t\t\t\t\t\t<div class=\"elementor-widget-wrap\">\n\t\t\t\t\t\t<div class=\"elementor-element elementor-element-903d557 elementor-position-top elementor-vertical-align-top elementor-widget elementor-widget-image-box\" data-id=\"903d557\" data-element_type=\"widget\" data-widget_type=\"image-box.default\">\n\t\t\t\t<div class=\"elementor-widget-container\">\n\t\t\t<div class=\"elementor-image-box-wrapper\"><figure class=\"elementor-image-box-img\"><img width=\"108\" height=\"68\" src=\"https:\/\/ssspaviljong.fi\/wp-content\/uploads\/2018\/09\/leaf-free-img.png\" class=\"attachment-full size-full\" alt=\"\" \/><\/figure><\/div>\t\t<\/div>\n\t\t\t\t<\/div>\n\t\t\t\t<div class=\"elementor-element elementor-element-7025c77 elementor-widget elementor-widget-text-editor\" data-id=\"7025c77\" data-element_type=\"widget\" data-widget_type=\"text-editor.default\">\n\t\t\t\t<div class=\"elementor-widget-container\">\n\t\t\t\t\t\t\t\t<div class=\"elementor-text-editor elementor-clearfix\">\n\t\t\t\t<p>\u00c5r 2023 fick SSS-paviljongen nya f\u00f6retagare, syskonen Benita och Tanja fr\u00e5n L\u00f6par\u00f6. Nedan en kort beskrivning om oss, s\u00e5 ni l\u00e4r er k\u00e4nna oss lite b\u00e4ttre!<\/p><p>\u2139\ufe0f\u27a1\ufe0fTanja \u00c5kerfelt, Sipoolainen.<br \/>Ammatiltaan kokki ja on ty\u00f6skennellyt sek\u00e4 ravintola ett\u00e4 suurtalouskeitti\u00f6ss\u00e4, lasten ollessa pieni\u00e4 keitti\u00f6t j\u00e4tettiin taakse ja ajatus auttaa vanhempia kalajalostuksessa syntyi. On ty\u00f6skennellyt yritt\u00e4j\u00e4n\u00e4 vuodesta 2007, aluksi suurimmaksi osaksi pitopalvelua ja auttamista kalamyynniss\u00e4. Yritys on muuttunut ja kasvanut vuosien aikana. Nyky\u00e4\u00e4n \u00c5kerfelts Fisk:in tuotteet ovat laajasti tunnettuja ja omaa kalastusta harjoitetaan siin\u00e4 sivussa, kaikkea t\u00e4t\u00e4 tullaan n\u00e4kem\u00e4\u00e4n isona osana tulevassa toiminnassa.\ud83c\udf7d<br \/>\u2139\ufe0f\u27a1\ufe0fBenita \u00c5kerfelt, Sipoolainen.<br \/>Utbildad inom hush\u00e5llsbranschen likv\u00e4l, samt som vuxen avlagt tradenomexamen med fokus p\u00e5 marknadsf\u00f6ring och ledande av servicer. Har arbetat som f\u00f6rman i restaurangbranschen hela vuxna livet, allt fr\u00e5n hotellrestauranger till cafeer . De sista fem \u00e5ren fungerat som operativ chef f\u00f6r flera olika restauranger, men nu redo f\u00f6r \u00e4ndringar i livet, och arbete n\u00e4ra havet d\u00e4r man trivs som b\u00e4st.\u2693\ufe0f<\/p><p>Toivotamme sinut l\u00e4mpim\u00e4sti tervetulleeksi paviljonkiin ja toivomme voivamme tarjota miellytt\u00e4v\u00e4\u00e4 seuraa hyv\u00e4n ruoan ja juoman parissa.<\/p><p>Aurinkoisia terveisi\u00e4,\u00a0<\/p><p>Benita ja Tanja koko paven porukan kanssa &lt;3<\/p>\t\t\t\t\t<\/div>\n\t\t\t\t\t\t<\/div>\n\t\t\t\t<\/div>\n\t\t\t\t<div class=\"elementor-element elementor-element-f7540e5 elementor-widget elementor-widget-heading\" data-id=\"f7540e5\" data-element_type=\"widget\" data-widget_type=\"heading.default\">\n\t\t\t\t<div class=\"elementor-widget-container\">\n\t\t\t<h1 class=\"elementor-heading-title elementor-size-default\">Yhteystiedot <\/h1>\t\t<\/div>\n\t\t\t\t<\/div>\n\t\t\t\t\t\t<\/div>\n\t\t\t\t\t<\/div>\n\t\t<\/div>\n\t\t\t\t<div class=\"elementor-column elementor-col-50 elementor-top-column elementor-element elementor-element-9675cae\" data-id=\"9675cae\" data-element_type=\"column\" data-settings=\"{&quot;background_background&quot;:&quot;classic&quot;}\">\n\t\t\t<div class=\"elementor-column-wrap elementor-element-populated\">\n\t\t\t\t\t\t\t<div class=\"elementor-widget-wrap\">\n\t\t\t\t\t\t<div class=\"elementor-element elementor-element-137e27e elementor-hidden-tablet elementor-hidden-phone elementor-widget elementor-widget-image\" data-id=\"137e27e\" data-element_type=\"widget\" data-widget_type=\"image.default\">\n\t\t\t\t<div class=\"elementor-widget-container\">\n\t\t\t\t\t\t\t\t<div class=\"elementor-image\">\n\t\t\t\t\t\t\t\t\t\t\t\t<img src=\"https:\/\/ssspaviljong.fi\/wp-content\/uploads\/elementor\/thumbs\/WhatsApp-Image-2023-09-23-at-15.04.09-qcu0xy7wvehq1ujnmu29abqlmgrf15k5t43sbwgknc.jpeg\" title=\"WhatsApp Image 2023-09-23 at 15.04.09\" alt=\"WhatsApp Image 2023-09-23 at 15.04.09\" class=\"elementor-animation-sink\" \/>\t\t\t\t\t\t\t\t\t\t\t\t\t\t<\/div>\n\t\t\t\t\t\t<\/div>\n\t\t\t\t<\/div>\n\t\t\t\t<div class=\"elementor-element elementor-element-0b09fb1 elementor-hidden-tablet elementor-hidden-phone elementor-widget elementor-widget-image\" data-id=\"0b09fb1\" data-element_type=\"widget\" data-widget_type=\"image.default\">\n\t\t\t\t<div class=\"elementor-widget-container\">\n\t\t\t\t\t\t\t\t<div class=\"elementor-image\">\n\t\t\t\t\t\t\t\t\t\t\t\t<img src=\"https:\/\/ssspaviljong.fi\/wp-content\/uploads\/elementor\/thumbs\/pavenpaven-scaled-qd4dbnhlubvydc0kr0ufqxzadnrh1s9ml6er6hoxhk.jpg\" title=\"pavenpaven\" alt=\"pavenpaven\" class=\"elementor-animation-sink\" \/>\t\t\t\t\t\t\t\t\t\t\t\t\t\t<\/div>\n\t\t\t\t\t\t<\/div>\n\t\t\t\t<\/div>\n\t\t\t\t\t\t<\/div>\n\t\t\t\t\t<\/div>\n\t\t<\/div>\n\t\t\t\t\t\t\t\t<\/div>\n\t\t\t\t\t<\/div>\n\t\t<\/section>\n\t\t\t\t<section class=\"elementor-section elementor-top-section elementor-element elementor-element-304ab57 elementor-section-boxed elementor-section-height-default elementor-section-height-default\" data-id=\"304ab57\" data-element_type=\"section\" data-settings=\"{&quot;background_background&quot;:&quot;classic&quot;}\">\n\t\t\t\t\t\t<div class=\"elementor-container elementor-column-gap-default\">\n\t\t\t\t\t\t\t<div class=\"elementor-row\">\n\t\t\t\t\t<div class=\"elementor-column elementor-col-100 elementor-top-column elementor-element elementor-element-1d2214e\" data-id=\"1d2214e\" data-element_type=\"column\">\n\t\t\t<div class=\"elementor-column-wrap elementor-element-populated\">\n\t\t\t\t\t\t\t<div class=\"elementor-widget-wrap\">\n\t\t\t\t\t\t<div class=\"elementor-element elementor-element-d7ac37f elementor-widget elementor-widget-heading\" data-id=\"d7ac37f\" data-element_type=\"widget\" data-widget_type=\"heading.default\">\n\t\t\t\t<div class=\"elementor-widget-container\">\n\t\t\t<h2 class=\"elementor-heading-title elementor-size-default\">Svartb\u00e4ck Segel S\u00e4llskap<\/h2>\t\t<\/div>\n\t\t\t\t<\/div>\n\t\t\t\t<section class=\"elementor-section elementor-inner-section elementor-element elementor-element-54a7493 elementor-section-boxed elementor-section-height-default elementor-section-height-default\" data-id=\"54a7493\" data-element_type=\"section\">\n\t\t\t\t\t\t<div class=\"elementor-container elementor-column-gap-default\">\n\t\t\t\t\t\t\t<div class=\"elementor-row\">\n\t\t\t\t\t<div class=\"elementor-column elementor-col-33 elementor-inner-column elementor-element elementor-element-55a0cfa\" data-id=\"55a0cfa\" data-element_type=\"column\">\n\t\t\t<div class=\"elementor-column-wrap elementor-element-populated\">\n\t\t\t\t\t\t\t<div class=\"elementor-widget-wrap\">\n\t\t\t\t\t\t<div class=\"elementor-element elementor-element-dd88a1b elementor-widget elementor-widget-image\" data-id=\"dd88a1b\" data-element_type=\"widget\" data-widget_type=\"image.default\">\n\t\t\t\t<div class=\"elementor-widget-container\">\n\t\t\t\t\t\t\t\t<div class=\"elementor-image\">\n\t\t\t\t\t\t\t\t\t\t\t\t<img width=\"225\" height=\"300\" src=\"https:\/\/ssspaviljong.fi\/wp-content\/uploads\/2021\/03\/SSSlogo19201-225x300.png\" class=\"attachment-medium size-medium\" alt=\"\" srcset=\"https:\/\/ssspaviljong.fi\/wp-content\/uploads\/2021\/03\/SSSlogo19201-225x300.png 225w, https:\/\/ssspaviljong.fi\/wp-content\/uploads\/2021\/03\/SSSlogo19201-768x1024.png 768w, https:\/\/ssspaviljong.fi\/wp-content\/uploads\/2021\/03\/SSSlogo19201-9x12.png 9w, https:\/\/ssspaviljong.fi\/wp-content\/uploads\/2021\/03\/SSSlogo19201.png 1080w\" sizes=\"(max-width: 225px) 100vw, 225px\" \/>\t\t\t\t\t\t\t\t\t\t\t\t\t\t<\/div>\n\t\t\t\t\t\t<\/div>\n\t\t\t\t<\/div>\n\t\t\t\t\t\t<\/div>\n\t\t\t\t\t<\/div>\n\t\t<\/div>\n\t\t\t\t<div class=\"elementor-column elementor-col-66 elementor-inner-column elementor-element elementor-element-cab0248\" data-id=\"cab0248\" data-element_type=\"column\">\n\t\t\t<div class=\"elementor-column-wrap elementor-element-populated\">\n\t\t\t\t\t\t\t<div class=\"elementor-widget-wrap\">\n\t\t\t\t\t\t<div class=\"elementor-element elementor-element-c8f447b elementor-widget elementor-widget-text-editor\" data-id=\"c8f447b\" data-element_type=\"widget\" data-widget_type=\"text-editor.default\">\n\t\t\t\t<div class=\"elementor-widget-container\">\n\t\t\t\t\t\t\t\t<div class=\"elementor-text-editor elementor-clearfix\">\n\t\t\t\t<p><span style=\"color: #202124;\"><span lang=\"sv-SE\"><b>Svartb\u00e4cks Segels\u00e4llskap r.f.<\/b><\/span><\/span><span style=\"color: #202124;\"><span lang=\"sv-SE\"> (SSS) perustettiin 31. toukokuuta 1920. Seuralla on siis pitk\u00e4t perinteet purjehduksen edist\u00e4misess\u00e4, vastuullisten merimiestaitojen kouluttamisessa ja erityisesti el\u00e4v\u00e4n saariston yll\u00e4pit\u00e4misess\u00e4. SSS on kes\u00e4vieraiden ja merenkulkijoiden keskeinen kokoontumispaikka.<\/span><\/span><\/p><p><span lang=\"sv-SE\">Purjehduksen ja koulutuksen lis\u00e4ksi <\/span><span style=\"color: #202124;\"><span lang=\"sv-SE\">moottoriveneet ovat my\u00f6s olleet t\u00e4rke\u00e4 osa SSS-toimintaa. \u201cKit\u00f6loppet\u201d on Suomen vanhin moottorivenekilpailu, joka j\u00e4rjestettiin kes\u00e4ll\u00e4 2020 65:nnett\u00e4 kertaa. Perinteinen \"Kalv\u00f6 Runt\" -perhepurjehdus on kilpailu, johon jokaisen perhepurjehtijan pit\u00e4isi osallistua.<\/span><\/span><\/p><p><span style=\"color: #202124;\"><span lang=\"sv-SE\">\u00a0<\/span><\/span><\/p><p><span style=\"color: #202124;\"><span lang=\"sv-SE\">Svartb\u00e4ck Segels\u00e4llskap rf och Paviljongen \u00f6nskar alla sommarg\u00e4ster, seglare och b\u00e5tfarare fr\u00e5n n\u00e4ra och fj\u00e4rran v\u00e4lkomna att njuta av en unik atmosf\u00e4r, god mat och fina upplevelser. Havet lockar, s\u00e5 det l\u00f6nar sig alltid att komma till SSS och Paviljongen.<\/span><\/span><\/p><p><span style=\"color: #202124;\"><span lang=\"sv-SE\">\u00a0<\/span><\/span><\/p><p>\u00a0<\/p>\t\t\t\t\t<\/div>\n\t\t\t\t\t\t<\/div>\n\t\t\t\t<\/div>\n\t\t\t\t\t\t<\/div>\n\t\t\t\t\t<\/div>\n\t\t<\/div>\n\t\t\t\t\t\t\t\t<\/div>\n\t\t\t\t\t<\/div>\n\t\t<\/section>\n\t\t\t\t\t\t<\/div>\n\t\t\t\t\t<\/div>\n\t\t<\/div>\n\t\t\t\t\t\t\t\t<\/div>\n\t\t\t\t\t<\/div>\n\t\t<\/section>\n\t\t\t\t<section class=\"elementor-section elementor-top-section elementor-element elementor-element-2bf388a elementor-section-boxed elementor-section-height-default elementor-section-height-default\" data-id=\"2bf388a\" data-element_type=\"section\">\n\t\t\t\t\t\t<div class=\"elementor-container elementor-column-gap-default\">\n\t\t\t\t\t\t\t<div class=\"elementor-row\">\n\t\t\t\t\t<div class=\"elementor-column elementor-col-100 elementor-top-column elementor-element elementor-element-6144328\" data-id=\"6144328\" data-element_type=\"column\">\n\t\t\t<div class=\"elementor-column-wrap elementor-element-populated\">\n\t\t\t\t\t\t\t<div class=\"elementor-widget-wrap\">\n\t\t\t\t\t\t<section class=\"elementor-section elementor-inner-section elementor-element elementor-element-87a5839 elementor-section-boxed elementor-section-height-default elementor-section-height-default\" data-id=\"87a5839\" data-element_type=\"section\">\n\t\t\t\t\t\t<div class=\"elementor-container elementor-column-gap-default\">\n\t\t\t\t\t\t\t<div class=\"elementor-row\">\n\t\t\t\t\t<div class=\"elementor-column elementor-col-100 elementor-inner-column elementor-element elementor-element-6909a91\" data-id=\"6909a91\" data-element_type=\"column\">\n\t\t\t<div class=\"elementor-column-wrap elementor-element-populated\">\n\t\t\t\t\t\t\t<div class=\"elementor-widget-wrap\">\n\t\t\t\t\t\t<div class=\"elementor-element elementor-element-7ccd6d2 elementor-widget elementor-widget-heading\" data-id=\"7ccd6d2\" data-element_type=\"widget\" data-widget_type=\"heading.default\">\n\t\t\t\t<div class=\"elementor-widget-container\">\n\t\t\t<h2 class=\"elementor-heading-title elementor-size-default\"><br>SSS:n j\u00e4senen\u00e4 saat ruoasta 10 % alennuksen<\/h2>\t\t<\/div>\n\t\t\t\t<\/div>\n\t\t\t\t\t\t<\/div>\n\t\t\t\t\t<\/div>\n\t\t<\/div>\n\t\t\t\t\t\t\t\t<\/div>\n\t\t\t\t\t<\/div>\n\t\t<\/section>\n\t\t\t\t\t\t<\/div>\n\t\t\t\t\t<\/div>\n\t\t<\/div>\n\t\t\t\t\t\t\t\t<\/div>\n\t\t\t\t\t<\/div>\n\t\t<\/section>\n\t\t\t\t\t\t\t\t\t<\/div>\n\t\t\t<\/div>\n\t\t\t\t\t<\/div>","protected":false},"excerpt":{"rendered":"<p>Kontakt &amp;Om oss Spjutsundsv\u00e4gen 958, 06880 Borg\u00e5. \u00a0 \u00a0 \u00a0 \u00a0\u00a0 \u00a060\u00b015&#8242;\u00a0 25\u00b030&#8242; Tel: 040 911 29 67 E-post:\u00a0 \u00a0info@ssspaviljong.fi Boka bord h\u00e4r \u00c5r 2023 fick SSS-paviljongen nya f\u00f6retagare, syskonen Benita och Tanja fr\u00e5n L\u00f6par\u00f6. Nedan en kort beskrivning om oss, s\u00e5 ni l\u00e4r er k\u00e4nna oss lite b\u00e4ttre! \u2139\ufe0f\u27a1\ufe0fTanja \u00c5kerfelt, Sibbobo.Utbildad kock och har &hellip;<\/p>\n<p class=\"read-more\"> <a class=\"\" href=\"https:\/\/ssspaviljong.fi\/fi\/kontakt\/\"> <span class=\"screen-reader-text\">Yhteystiedot<\/span> Lue lis\u00e4\u00e4 &raquo;<\/a><\/p>","protected":false},"author":4,"featured_media":0,"parent":0,"menu_order":0,"comment_status":"closed","ping_status":"closed","template":"","meta":{"site-sidebar-layout":"no-sidebar","site-content-layout":"page-builder","ast-main-header-display":"","ast-hfb-above-header-display":"","ast-hfb-below-header-display":"","ast-hfb-mobile-header-display":"","site-post-title":"disabled","ast-breadcrumbs-content":"","ast-featured-img":"disabled","footer-sml-layout":"","theme-transparent-header-meta":"","adv-header-id-meta":"","stick-header-meta":"","header-above-stick-meta":"","header-main-stick-meta":"","header-below-stick-meta":""},"_links":{"self":[{"href":"https:\/\/ssspaviljong.fi\/fi\/wp-json\/wp\/v2\/pages\/2071"}],"collection":[{"href":"https:\/\/ssspaviljong.fi\/fi\/wp-json\/wp\/v2\/pages"}],"about":[{"href":"https:\/\/ssspaviljong.fi\/fi\/wp-json\/wp\/v2\/types\/page"}],"author":[{"embeddable":true,"href":"https:\/\/ssspaviljong.fi\/fi\/wp-json\/wp\/v2\/users\/4"}],"replies":[{"embeddable":true,"href":"https:\/\/ssspaviljong.fi\/fi\/wp-json\/wp\/v2\/comments?post=2071"}],"version-history":[{"count":20,"href":"https:\/\/ssspaviljong.fi\/fi\/wp-json\/wp\/v2\/pages\/2071\/revisions"}],"predecessor-version":[{"id":3003,"href":"https:\/\/ssspaviljong.fi\/fi\/wp-json\/wp\/v2\/pages\/2071\/revisions\/3003"}],"wp:attachment":[{"href":"https:\/\/ssspaviljong.fi\/fi\/wp-json\/wp\/v2\/media?parent=2071"}],"curies":[{"name":"wp","href":"https:\/\/api.w.org\/{rel}","templated":true}]}}