{"id":6,"date":"2018-09-26T08:48:22","date_gmt":"2018-09-26T05:48:22","guid":{"rendered":"https:\/\/ssspaviljong.fi\/about-us\/"},"modified":"2025-06-13T15:17:34","modified_gmt":"2025-06-13T12:17:34","slug":"about-us","status":"publish","type":"page","link":"https:\/\/ssspaviljong.fi\/fi\/about-us\/","title":{"rendered":"M\u00f6ten &#038; aktiviteter"},"content":{"rendered":"<div data-elementor-type=\"wp-post\" data-elementor-id=\"6\" class=\"elementor elementor-6\">\n\t\t\t\t\t\t<div class=\"elementor-inner\">\n\t\t\t\t<div class=\"elementor-section-wrap\">\n\t\t\t\t\t\t\t\t\t<section class=\"elementor-section elementor-top-section elementor-element elementor-element-5dc3a60 elementor-section-boxed elementor-section-height-default elementor-section-height-default\" data-id=\"5dc3a60\" data-element_type=\"section\" data-settings=\"{&quot;background_background&quot;:&quot;classic&quot;}\">\n\t\t\t\t\t\t\t<div class=\"elementor-background-overlay\"><\/div>\n\t\t\t\t\t\t\t<div class=\"elementor-container elementor-column-gap-default\">\n\t\t\t\t\t\t\t<div class=\"elementor-row\">\n\t\t\t\t\t<div class=\"elementor-column elementor-col-100 elementor-top-column elementor-element elementor-element-5dc1ca0\" data-id=\"5dc1ca0\" data-element_type=\"column\">\n\t\t\t<div class=\"elementor-column-wrap elementor-element-populated\">\n\t\t\t\t\t\t\t<div class=\"elementor-widget-wrap\">\n\t\t\t\t\t\t<div class=\"elementor-element elementor-element-be56547 elementor-widget elementor-widget-heading\" data-id=\"be56547\" data-element_type=\"widget\" data-widget_type=\"heading.default\">\n\t\t\t\t<div class=\"elementor-widget-container\">\n\t\t\t<h1 class=\"elementor-heading-title elementor-size-default\">M\u00f6ten och aktiviteter<\/h1>\t\t<\/div>\n\t\t\t\t<\/div>\n\t\t\t\t\t\t<\/div>\n\t\t\t\t\t<\/div>\n\t\t<\/div>\n\t\t\t\t\t\t\t\t<\/div>\n\t\t\t\t\t<\/div>\n\t\t<\/section>\n\t\t\t\t<section class=\"elementor-section elementor-top-section elementor-element elementor-element-2cf2d767 elementor-section-content-middle elementor-section-boxed elementor-section-height-default elementor-section-height-default\" data-id=\"2cf2d767\" data-element_type=\"section\" data-settings=\"{&quot;background_background&quot;:&quot;classic&quot;}\">\n\t\t\t\t\t\t<div class=\"elementor-container elementor-column-gap-no\">\n\t\t\t\t\t\t\t<div class=\"elementor-row\">\n\t\t\t\t\t<div class=\"elementor-column elementor-col-50 elementor-top-column elementor-element elementor-element-e091abc\" data-id=\"e091abc\" data-element_type=\"column\">\n\t\t\t<div class=\"elementor-column-wrap elementor-element-populated\">\n\t\t\t\t\t\t\t<div class=\"elementor-widget-wrap\">\n\t\t\t\t\t\t<div class=\"elementor-element elementor-element-21394d2 elementor-widget elementor-widget-text-editor\" data-id=\"21394d2\" data-element_type=\"widget\" data-widget_type=\"text-editor.default\">\n\t\t\t\t<div class=\"elementor-widget-container\">\n\t\t\t\t\t\t\t\t<div class=\"elementor-text-editor elementor-clearfix\">\n\t\t\t\t<h3 data-start=\"86\" data-end=\"119\">M\u00f6teslokal i Borg\u00e5 sk\u00e4rg\u00e5rd<\/h3><p data-start=\"120\" data-end=\"158\"><strong data-start=\"120\" data-end=\"158\">Gl\u00f6m lyx \u2013 v\u00e4lj en \u00e4kta upplevelse<\/strong><\/p><p data-start=\"160\" data-end=\"425\">V\u00e4lkommen till sk\u00e4rg\u00e5rden, d\u00e4r m\u00f6ten inte bara \u00e4r effektiva \u2013 utan ocks\u00e5 rogivande, minnesv\u00e4rda och meningsfulla.<br data-start=\"273\" data-end=\"276\" \/>Bara en timme fr\u00e5n Helsingfors v\u00e4ntar en liten restauranglokal som hyrs ut f\u00f6r privat bruk fr\u00e5n augusti till november, f\u00f6r grupper om 10\u201330 personer.<\/p><p data-start=\"427\" data-end=\"513\">Ingen lyx. Inga blanka ytor.<br data-start=\"455\" data-end=\"458\" \/>Bara tr\u00e4golv, hav, tystnad \u2013 och mat lagad med omtanke.<\/p><h3 data-start=\"515\" data-end=\"535\">Varf\u00f6r just hit?<\/h3><p data-start=\"537\" data-end=\"660\">\ud83d\udd39 <strong data-start=\"540\" data-end=\"564\">\u00c4kta sk\u00e4rg\u00e5rdsk\u00e4nsla<\/strong><br data-start=\"564\" data-end=\"567\" \/>En liten, st\u00e4mningsfull lokal mitt i naturen. Havet runt omkring, inget ov\u00e4sen, ingen stress.<\/p><p data-start=\"662\" data-end=\"765\">\ud83d\udd39 <strong data-start=\"665\" data-end=\"686\">Bara f\u00f6r er grupp<\/strong><br data-start=\"686\" data-end=\"689\" \/>Hela lokalen hyrs ut till en grupp i taget \u2013 lugn och avskildhet garanteras.<\/p><p data-start=\"767\" data-end=\"920\">\ud83d\udd39 <strong data-start=\"770\" data-end=\"811\">Skr\u00e4ddarsydd m\u00e5ltid av lokala r\u00e5varor<\/strong><br data-start=\"811\" data-end=\"814\" \/>Hembakat, rent och n\u00e4rproducerat. Fiskprodukter st\u00e5r i centrum, men helheten planeras enligt era \u00f6nskem\u00e5l.<\/p><p data-start=\"922\" data-end=\"1065\">\ud83d\udd39 <strong data-start=\"925\" data-end=\"959\">Plats f\u00f6r reflektion och m\u00f6ten<\/strong><br data-start=\"959\" data-end=\"962\" \/>F\u00f6r ledningsgrupper, projektteam, kreativa workshops \u2013 alla som beh\u00f6ver milj\u00f6ombyte och nya perspektiv.<\/p><h3 data-start=\"1067\" data-end=\"1095\">M\u00f6tespaketet inkluderar:<\/h3><p data-start=\"1097\" data-end=\"1228\">\u2013 Tillg\u00e5ng till lokalen hela dagen (\u00e4ven kv\u00e4llstid m\u00f6jligt)<br data-start=\"1156\" data-end=\"1159\" \/>\u2013 Skr\u00e4ddarsydd matservering<br data-start=\"1186\" data-end=\"1189\" \/>\u2013 Sk\u00e4rg\u00e5rdslandskap, tystnad och genuin k\u00e4nsla<\/p><p data-start=\"1097\" data-end=\"1228\"><span style=\"font-size: 15px;\">\ud83d\udcc5 Tillg\u00e4ngligt augusti\u2013november<\/span><\/p><p data-start=\"1230\" data-end=\"1282\">\ud83d\udccd Borg\u00e5 sk\u00e4rg\u00e5rd<\/p><h3 data-start=\"1284\" data-end=\"1329\">Fr\u00e5ga mer eller boka en dag f\u00f6r ditt team<\/h3><p data-start=\"1331\" data-end=\"1471\">Ta kontakt s\u00e5 planerar vi ett uppl\u00e4gg som passar just er.<\/p><p data-start=\"1331\" data-end=\"1471\"><br data-start=\"1388\" data-end=\"1391\" \/>\ud83d\udcde\u00a0\u00a0<span style=\"color: #222222; font-family: Arial, Helvetica, sans-serif; font-size: small; font-style: normal; font-weight: 400;\">+358409112967<\/span><\/p><p data-start=\"1331\" data-end=\"1471\"><span style=\"font-size: 15px;\">\u2709\ufe0f\u00a0 info@ssspaviljong.fi<\/span><\/p>\t\t\t\t\t<\/div>\n\t\t\t\t\t\t<\/div>\n\t\t\t\t<\/div>\n\t\t\t\t\t\t<\/div>\n\t\t\t\t\t<\/div>\n\t\t<\/div>\n\t\t\t\t<div class=\"elementor-column elementor-col-50 elementor-top-column elementor-element elementor-element-a4a1a82\" data-id=\"a4a1a82\" data-element_type=\"column\" data-settings=\"{&quot;background_background&quot;:&quot;classic&quot;}\">\n\t\t\t<div class=\"elementor-column-wrap elementor-element-populated\">\n\t\t\t\t\t\t\t<div class=\"elementor-widget-wrap\">\n\t\t\t\t\t\t<div class=\"elementor-element elementor-element-337f04c elementor-hidden-tablet elementor-hidden-phone elementor-widget elementor-widget-image\" data-id=\"337f04c\" data-element_type=\"widget\" data-widget_type=\"image.default\">\n\t\t\t\t<div class=\"elementor-widget-container\">\n\t\t\t\t\t\t\t\t<div class=\"elementor-image\">\n\t\t\t\t\t\t\t\t\t\t\t\t<img src=\"https:\/\/ssspaviljong.fi\/wp-content\/uploads\/elementor\/thumbs\/WhatsApp-Image-2025-05-29-at-16.34.45-r6iwp2mm2485gsy88ed4yheo4pq0s4w58ksjk75pqg.jpeg\" title=\"WhatsApp Image 2025-05-29 at 16.34.45\" alt=\"WhatsApp Image 2025-05-29 at 16.34.45\" class=\"elementor-animation-sink\" \/>\t\t\t\t\t\t\t\t\t\t\t\t\t\t<\/div>\n\t\t\t\t\t\t<\/div>\n\t\t\t\t<\/div>\n\t\t\t\t<div class=\"elementor-element elementor-element-c60e50f elementor-hidden-tablet elementor-hidden-phone elementor-widget elementor-widget-image\" data-id=\"c60e50f\" data-element_type=\"widget\" data-widget_type=\"image.default\">\n\t\t\t\t<div class=\"elementor-widget-container\">\n\t\t\t\t\t\t\t\t<div class=\"elementor-image\">\n\t\t\t\t\t\t\t\t\t\t\t\t<img src=\"https:\/\/ssspaviljong.fi\/wp-content\/uploads\/elementor\/thumbs\/WhatsApp-Image-2025-05-29-at-16.36.33-r6iwp7bt0ael2uregye9sy7z3n2uumesx81yykyqvc.jpeg\" title=\"WhatsApp Image 2025-05-29 at 16.36.33\" alt=\"WhatsApp Image 2025-05-29 at 16.36.33\" class=\"elementor-animation-sink\" \/>\t\t\t\t\t\t\t\t\t\t\t\t\t\t<\/div>\n\t\t\t\t\t\t<\/div>\n\t\t\t\t<\/div>\n\t\t\t\t\t\t<\/div>\n\t\t\t\t\t<\/div>\n\t\t<\/div>\n\t\t\t\t\t\t\t\t<\/div>\n\t\t\t\t\t<\/div>\n\t\t<\/section>\n\t\t\t\t<section class=\"elementor-section elementor-top-section elementor-element elementor-element-dcbb77f elementor-section-boxed elementor-section-height-default elementor-section-height-default\" data-id=\"dcbb77f\" data-element_type=\"section\" data-settings=\"{&quot;background_background&quot;:&quot;classic&quot;}\">\n\t\t\t\t\t\t<div class=\"elementor-container elementor-column-gap-default\">\n\t\t\t\t\t\t\t<div class=\"elementor-row\">\n\t\t\t\t\t<div class=\"elementor-column elementor-col-100 elementor-top-column elementor-element elementor-element-e2ec37f\" data-id=\"e2ec37f\" data-element_type=\"column\">\n\t\t\t<div class=\"elementor-column-wrap elementor-element-populated\">\n\t\t\t\t\t\t\t<div class=\"elementor-widget-wrap\">\n\t\t\t\t\t\t<div class=\"elementor-element elementor-element-ae0301d elementor-widget elementor-widget-heading\" data-id=\"ae0301d\" data-element_type=\"widget\" data-widget_type=\"heading.default\">\n\t\t\t\t<div class=\"elementor-widget-container\">\n\t\t\t<h2 class=\"elementor-heading-title elementor-size-default\">Aktiviteter p\u00e5 Paviljongen<\/h2>\t\t<\/div>\n\t\t\t\t<\/div>\n\t\t\t\t<section class=\"elementor-section elementor-inner-section elementor-element elementor-element-f730fb7 elementor-section-boxed elementor-section-height-default elementor-section-height-default\" data-id=\"f730fb7\" data-element_type=\"section\">\n\t\t\t\t\t\t<div class=\"elementor-container elementor-column-gap-default\">\n\t\t\t\t\t\t\t<div class=\"elementor-row\">\n\t\t\t\t\t<div class=\"elementor-column elementor-col-33 elementor-inner-column elementor-element elementor-element-3189e71\" data-id=\"3189e71\" data-element_type=\"column\">\n\t\t\t<div class=\"elementor-column-wrap elementor-element-populated\">\n\t\t\t\t\t\t\t<div class=\"elementor-widget-wrap\">\n\t\t\t\t\t\t<div class=\"elementor-element elementor-element-87e914e elementor-widget elementor-widget-image\" data-id=\"87e914e\" data-element_type=\"widget\" data-widget_type=\"image.default\">\n\t\t\t\t<div class=\"elementor-widget-container\">\n\t\t\t\t\t\t\t\t<div class=\"elementor-image\">\n\t\t\t\t\t\t\t\t\t\t\t\t<img width=\"225\" height=\"300\" src=\"https:\/\/ssspaviljong.fi\/wp-content\/uploads\/2025\/05\/WhatsApp-Image-2025-05-29-at-16.31.34-225x300.jpeg\" class=\"attachment-medium size-medium\" alt=\"\" srcset=\"https:\/\/ssspaviljong.fi\/wp-content\/uploads\/2025\/05\/WhatsApp-Image-2025-05-29-at-16.31.34-225x300.jpeg 225w, https:\/\/ssspaviljong.fi\/wp-content\/uploads\/2025\/05\/WhatsApp-Image-2025-05-29-at-16.31.34-768x1024.jpeg 768w, https:\/\/ssspaviljong.fi\/wp-content\/uploads\/2025\/05\/WhatsApp-Image-2025-05-29-at-16.31.34-1152x1536.jpeg 1152w, https:\/\/ssspaviljong.fi\/wp-content\/uploads\/2025\/05\/WhatsApp-Image-2025-05-29-at-16.31.34-9x12.jpeg 9w, https:\/\/ssspaviljong.fi\/wp-content\/uploads\/2025\/05\/WhatsApp-Image-2025-05-29-at-16.31.34.jpeg 1200w\" sizes=\"(max-width: 225px) 100vw, 225px\" \/>\t\t\t\t\t\t\t\t\t\t\t\t\t\t<\/div>\n\t\t\t\t\t\t<\/div>\n\t\t\t\t<\/div>\n\t\t\t\t\t\t<\/div>\n\t\t\t\t\t<\/div>\n\t\t<\/div>\n\t\t\t\t<div class=\"elementor-column elementor-col-66 elementor-inner-column elementor-element elementor-element-f750c67\" data-id=\"f750c67\" data-element_type=\"column\">\n\t\t\t<div class=\"elementor-column-wrap elementor-element-populated\">\n\t\t\t\t\t\t\t<div class=\"elementor-widget-wrap\">\n\t\t\t\t\t\t<div class=\"elementor-element elementor-element-953a4bc elementor-widget elementor-widget-text-editor\" data-id=\"953a4bc\" data-element_type=\"widget\" data-widget_type=\"text-editor.default\">\n\t\t\t\t<div class=\"elementor-widget-container\">\n\t\t\t\t\t\t\t\t<div class=\"elementor-text-editor elementor-clearfix\">\n\t\t\t\t<p>&#8230;..<\/p>\t\t\t\t\t<\/div>\n\t\t\t\t\t\t<\/div>\n\t\t\t\t<\/div>\n\t\t\t\t\t\t<\/div>\n\t\t\t\t\t<\/div>\n\t\t<\/div>\n\t\t\t\t\t\t\t\t<\/div>\n\t\t\t\t\t<\/div>\n\t\t<\/section>\n\t\t\t\t\t\t<\/div>\n\t\t\t\t\t<\/div>\n\t\t<\/div>\n\t\t\t\t\t\t\t\t<\/div>\n\t\t\t\t\t<\/div>\n\t\t<\/section>\n\t\t\t\t<section class=\"elementor-section elementor-top-section elementor-element elementor-element-313dd8b elementor-section-boxed elementor-section-height-default elementor-section-height-default\" data-id=\"313dd8b\" data-element_type=\"section\">\n\t\t\t\t\t\t<div class=\"elementor-container elementor-column-gap-default\">\n\t\t\t\t\t\t\t<div class=\"elementor-row\">\n\t\t\t\t\t<div class=\"elementor-column elementor-col-100 elementor-top-column elementor-element elementor-element-e7eaec6\" data-id=\"e7eaec6\" data-element_type=\"column\">\n\t\t\t<div class=\"elementor-column-wrap\">\n\t\t\t\t\t\t\t<div class=\"elementor-widget-wrap\">\n\t\t\t\t\t\t\t\t<\/div>\n\t\t\t\t\t<\/div>\n\t\t<\/div>\n\t\t\t\t\t\t\t\t<\/div>\n\t\t\t\t\t<\/div>\n\t\t<\/section>\n\t\t\t\t\t\t\t\t\t<\/div>\n\t\t\t<\/div>\n\t\t\t\t\t<\/div>","protected":false},"excerpt":{"rendered":"<p>M\u00f6ten och aktiviteter M\u00f6teslokal i Borg\u00e5 sk\u00e4rg\u00e5rd Gl\u00f6m lyx \u2013 v\u00e4lj en \u00e4kta upplevelse V\u00e4lkommen till sk\u00e4rg\u00e5rden, d\u00e4r m\u00f6ten inte bara \u00e4r effektiva \u2013 utan ocks\u00e5 rogivande, minnesv\u00e4rda och meningsfulla.Bara en timme fr\u00e5n Helsingfors v\u00e4ntar en liten restauranglokal som hyrs ut f\u00f6r privat bruk fr\u00e5n augusti till november, f\u00f6r grupper om 10\u201330 personer. Ingen lyx. &hellip;<\/p>\n<p class=\"read-more\"> <a class=\"\" href=\"https:\/\/ssspaviljong.fi\/fi\/about-us\/\"> <span class=\"screen-reader-text\">M\u00f6ten &#038; aktiviteter<\/span> Lue lis\u00e4\u00e4 &raquo;<\/a><\/p>","protected":false},"author":1,"featured_media":0,"parent":0,"menu_order":0,"comment_status":"closed","ping_status":"closed","template":"","meta":{"site-sidebar-layout":"no-sidebar","site-content-layout":"page-builder","ast-main-header-display":"","ast-hfb-above-header-display":"","ast-hfb-below-header-display":"","ast-hfb-mobile-header-display":"","site-post-title":"disabled","ast-breadcrumbs-content":"","ast-featured-img":"disabled","footer-sml-layout":"","theme-transparent-header-meta":"","adv-header-id-meta":"","stick-header-meta":"","header-above-stick-meta":"","header-main-stick-meta":"","header-below-stick-meta":""},"_links":{"self":[{"href":"https:\/\/ssspaviljong.fi\/fi\/wp-json\/wp\/v2\/pages\/6"}],"collection":[{"href":"https:\/\/ssspaviljong.fi\/fi\/wp-json\/wp\/v2\/pages"}],"about":[{"href":"https:\/\/ssspaviljong.fi\/fi\/wp-json\/wp\/v2\/types\/page"}],"author":[{"embeddable":true,"href":"https:\/\/ssspaviljong.fi\/fi\/wp-json\/wp\/v2\/users\/1"}],"replies":[{"embeddable":true,"href":"https:\/\/ssspaviljong.fi\/fi\/wp-json\/wp\/v2\/comments?post=6"}],"version-history":[{"count":120,"href":"https:\/\/ssspaviljong.fi\/fi\/wp-json\/wp\/v2\/pages\/6\/revisions"}],"predecessor-version":[{"id":3000,"href":"https:\/\/ssspaviljong.fi\/fi\/wp-json\/wp\/v2\/pages\/6\/revisions\/3000"}],"wp:attachment":[{"href":"https:\/\/ssspaviljong.fi\/fi\/wp-json\/wp\/v2\/media?parent=6"}],"curies":[{"name":"wp","href":"https:\/\/api.w.org\/{rel}","templated":true}]}}